{"id":8,"date":"2025-04-08T17:29:34","date_gmt":"2025-04-08T17:29:34","guid":{"rendered":"https:\/\/cura369.com\/checkout\/"},"modified":"2026-01-04T20:08:02","modified_gmt":"2026-01-04T23:08:02","slug":"checkout","status":"publish","type":"page","link":"https:\/\/cura369.com\/en\/checkout\/","title":{"rendered":"Checkout"},"content":{"rendered":"<div data-elementor-type=\"wp-page\" data-elementor-id=\"8\" class=\"elementor elementor-8\" data-elementor-post-type=\"page\">\n\t\t\t\t<div class=\"elementor-element elementor-element-37afdcb8 e-con-full e-flex e-con e-parent\" data-id=\"37afdcb8\" data-element_type=\"container\" data-e-type=\"container\">\n\t\t<div class=\"elementor-element elementor-element-9745ef8 e-con-full e-flex e-con e-child\" data-id=\"9745ef8\" data-element_type=\"container\" data-e-type=\"container\" data-settings=\"{&quot;background_background&quot;:&quot;classic&quot;}\">\n\t\t\t\t<div class=\"elementor-element elementor-element-c65d962 elementor-widget elementor-widget-heading\" data-id=\"c65d962\" data-element_type=\"widget\" data-e-type=\"widget\" data-widget_type=\"heading.default\">\n\t\t\t\t\t<h2 class=\"elementor-heading-title elementor-size-default\">Payment and<\/h2>\t\t\t\t<\/div>\n\t\t\t\t<div class=\"elementor-element elementor-element-f35ec6f elementor-widget__width-inherit elementor-widget-mobile__width-initial elementor-widget elementor-widget-heading\" data-id=\"f35ec6f\" data-element_type=\"widget\" data-e-type=\"widget\" data-widget_type=\"heading.default\">\n\t\t\t\t\t<h2 class=\"elementor-heading-title elementor-size-default\">Billing<\/h2>\t\t\t\t<\/div>\n\t\t\t\t<\/div>\n\t\t<div class=\"elementor-element elementor-element-6c030a2 e-con-full e-flex e-con e-child\" data-id=\"6c030a2\" data-element_type=\"container\" data-e-type=\"container\" data-settings=\"{&quot;background_background&quot;:&quot;classic&quot;}\">\n\t\t<div class=\"elementor-element elementor-element-5cc577a e-con-full e-flex e-con e-child\" data-id=\"5cc577a\" data-element_type=\"container\" data-e-type=\"container\" data-settings=\"{&quot;background_background&quot;:&quot;classic&quot;}\">\n\t\t\t\t<div class=\"elementor-element elementor-element-4d7a7e8 elementor-widget__width-initial elementor-widget elementor-widget-heading\" data-id=\"4d7a7e8\" data-element_type=\"widget\" data-e-type=\"widget\" data-widget_type=\"heading.default\">\n\t\t\t\t\t<h2 class=\"elementor-heading-title elementor-size-default\">check your cart:<\/h2>\t\t\t\t<\/div>\n\t\t\t\t<div class=\"elementor-element elementor-element-f111b95 elementor-widget__width-initial elementor-widget elementor-widget-heading\" data-id=\"f111b95\" data-element_type=\"widget\" data-e-type=\"widget\" data-widget_type=\"heading.default\">\n\t\t\t\t\t<h2 class=\"elementor-heading-title elementor-size-default\">You can change the currency in the following section, before choosing the payment method.<\/h2>\t\t\t\t<\/div>\n\t\t\t\t<div class=\"elementor-element elementor-element-79472dd elementor-widget-mobile__width-initial elementor-widget elementor-widget-heading\" data-id=\"79472dd\" data-element_type=\"widget\" data-e-type=\"widget\" data-widget_type=\"heading.default\">\n\t\t\t\t\t<h2 class=\"elementor-heading-title elementor-size-default\">To see all the payment methods available in your area,<br> \nfirst select your country in the billing form.<\/h2>\t\t\t\t<\/div>\n\t\t\t\t<\/div>\n\t\t\t\t<div class=\"elementor-element elementor-element-68756ba elementor-widget-mobile__width-initial elementor-widget__width-initial e-checkout-layout-two-column elementor-widget elementor-widget-woocommerce-checkout-page\" data-id=\"68756ba\" data-element_type=\"widget\" data-e-type=\"widget\" data-widget_type=\"woocommerce-checkout-page.default\">\n\t\t\t\t<div class=\"elementor-widget-container\">\n\t\t\t\t\t<div class=\"woocommerce\"><\/div>\t\t\t\t<\/div>\n\t\t\t\t<\/div>\n\t\t\t\t<\/div>\n\t\t\t\t<\/div>\n\t\t\t\t<\/div>","protected":false},"excerpt":{"rendered":"<p>Pago y Facturaci\u00f3n revisa tu carrito: Puedes cambiar la divisa en la siguiente secci\u00f3n, previo a elegir forma de pago. Para ver todos los medios de pago disponibles en tu zona, selecciona primero tu pa\u00eds en el formulario de facturaci\u00f3n. Detalles de Facturaci\u00f3n Nombre&nbsp;* Apellido&nbsp;* Pa\u00eds \/ Regi\u00f3n&nbsp;*Selecciona un pa\u00eds\/regi\u00f3n&hellip;Afganist\u00e1nAlbaniaAlemaniaAndorraAngolaAnguilaAnt\u00e1rtidaAntigua y BarbudaArabia SauditaArgeliaArgentinaArmeniaArubaAustraliaAustriaAzerbaijanBahamasBahrainBangladeshBarbadosBelauB\u00e9lgicaBelizeBeninBermudaBhutanBielorrusiaBirmaniaBoliviaBonaire, San Eustaquio [&hellip;]<\/p>\n","protected":false},"author":1,"featured_media":0,"parent":0,"menu_order":0,"comment_status":"closed","ping_status":"closed","template":"","meta":{"_acf_changed":false,"footnotes":""},"class_list":["post-8","page","type-page","status-publish","hentry"],"acf":[],"yoast_head":"<!-- This site is optimized with the Yoast SEO plugin v27.3 - https:\/\/yoast.com\/product\/yoast-seo-wordpress\/ -->\n<title>Checkout - cura369.com<\/title>\n<meta name=\"robots\" content=\"noindex, follow\" \/>\n<meta property=\"og:locale\" content=\"en_US\" \/>\n<meta property=\"og:type\" content=\"article\" \/>\n<meta property=\"og:title\" content=\"Checkout - cura369.com\" \/>\n<meta property=\"og:description\" content=\"Pago y Facturaci\u00f3n revisa tu carrito: Puedes cambiar la divisa en la siguiente secci\u00f3n, previo a elegir forma de pago. Para ver todos los medios de pago disponibles en tu zona, selecciona primero tu pa\u00eds en el formulario de facturaci\u00f3n. Detalles de Facturaci\u00f3n Nombre&nbsp;* Apellido&nbsp;* Pa\u00eds \/ Regi\u00f3n&nbsp;*Selecciona un pa\u00eds\/regi\u00f3n&hellip;Afganist\u00e1nAlbaniaAlemaniaAndorraAngolaAnguilaAnt\u00e1rtidaAntigua y BarbudaArabia SauditaArgeliaArgentinaArmeniaArubaAustraliaAustriaAzerbaijanBahamasBahrainBangladeshBarbadosBelauB\u00e9lgicaBelizeBeninBermudaBhutanBielorrusiaBirmaniaBoliviaBonaire, San Eustaquio [&hellip;]\" \/>\n<meta property=\"og:url\" content=\"https:\/\/cura369.com\/en\/checkout\/\" \/>\n<meta property=\"og:site_name\" content=\"cura369.com\" \/>\n<meta property=\"article:modified_time\" content=\"2026-01-04T23:08:02+00:00\" \/>\n<meta property=\"og:image\" content=\"https:\/\/cura369.com\/wp-content\/plugins\/woocommerce-paypal-payments\/modules\/ppcp-wc-gateway\/assets\/images\/paypal.svg\" \/>\n<meta name=\"twitter:card\" content=\"summary_large_image\" \/>\n<meta name=\"twitter:label1\" content=\"Est. reading time\" \/>\n\t<meta name=\"twitter:data1\" content=\"9 minutes\" \/>\n<script type=\"application\/ld+json\" class=\"yoast-schema-graph\">{\"@context\":\"https:\\\/\\\/schema.org\",\"@graph\":[{\"@type\":\"WebPage\",\"@id\":\"https:\\\/\\\/cura369.com\\\/checkout\\\/\",\"url\":\"https:\\\/\\\/cura369.com\\\/checkout\\\/\",\"name\":\"Checkout - cura369.com\",\"isPartOf\":{\"@id\":\"https:\\\/\\\/cura369.com\\\/#website\"},\"primaryImageOfPage\":{\"@id\":\"https:\\\/\\\/cura369.com\\\/checkout\\\/#primaryimage\"},\"image\":{\"@id\":\"https:\\\/\\\/cura369.com\\\/checkout\\\/#primaryimage\"},\"thumbnailUrl\":\"https:\\\/\\\/cura369.com\\\/wp-content\\\/plugins\\\/woocommerce-paypal-payments\\\/modules\\\/ppcp-wc-gateway\\\/assets\\\/images\\\/paypal.svg\",\"datePublished\":\"2025-04-08T17:29:34+00:00\",\"dateModified\":\"2026-01-04T23:08:02+00:00\",\"breadcrumb\":{\"@id\":\"https:\\\/\\\/cura369.com\\\/checkout\\\/#breadcrumb\"},\"inLanguage\":\"en-US\",\"potentialAction\":[{\"@type\":\"ReadAction\",\"target\":[\"https:\\\/\\\/cura369.com\\\/checkout\\\/\"]}]},{\"@type\":\"ImageObject\",\"inLanguage\":\"en-US\",\"@id\":\"https:\\\/\\\/cura369.com\\\/checkout\\\/#primaryimage\",\"url\":\"https:\\\/\\\/cura369.com\\\/wp-content\\\/plugins\\\/woocommerce-paypal-payments\\\/modules\\\/ppcp-wc-gateway\\\/assets\\\/images\\\/paypal.svg\",\"contentUrl\":\"https:\\\/\\\/cura369.com\\\/wp-content\\\/plugins\\\/woocommerce-paypal-payments\\\/modules\\\/ppcp-wc-gateway\\\/assets\\\/images\\\/paypal.svg\"},{\"@type\":\"BreadcrumbList\",\"@id\":\"https:\\\/\\\/cura369.com\\\/checkout\\\/#breadcrumb\",\"itemListElement\":[{\"@type\":\"ListItem\",\"position\":1,\"name\":\"Inicio\",\"item\":\"https:\\\/\\\/cura369.com\\\/\"},{\"@type\":\"ListItem\",\"position\":2,\"name\":\"Checkout\"}]},{\"@type\":\"WebSite\",\"@id\":\"https:\\\/\\\/cura369.com\\\/#website\",\"url\":\"https:\\\/\\\/cura369.com\\\/\",\"name\":\"cura369.com\",\"description\":\"\",\"potentialAction\":[{\"@type\":\"SearchAction\",\"target\":{\"@type\":\"EntryPoint\",\"urlTemplate\":\"https:\\\/\\\/cura369.com\\\/?s={search_term_string}\"},\"query-input\":{\"@type\":\"PropertyValueSpecification\",\"valueRequired\":true,\"valueName\":\"search_term_string\"}}],\"inLanguage\":\"en-US\"}]}<\/script>\n<!-- \/ Yoast SEO plugin. -->","yoast_head_json":{"title":"Checkout - cura369.com","robots":{"index":"noindex","follow":"follow"},"og_locale":"en_US","og_type":"article","og_title":"Checkout - cura369.com","og_description":"Pago y Facturaci\u00f3n revisa tu carrito: Puedes cambiar la divisa en la siguiente secci\u00f3n, previo a elegir forma de pago. Para ver todos los medios de pago disponibles en tu zona, selecciona primero tu pa\u00eds en el formulario de facturaci\u00f3n. Detalles de Facturaci\u00f3n Nombre&nbsp;* Apellido&nbsp;* Pa\u00eds \/ Regi\u00f3n&nbsp;*Selecciona un pa\u00eds\/regi\u00f3n&hellip;Afganist\u00e1nAlbaniaAlemaniaAndorraAngolaAnguilaAnt\u00e1rtidaAntigua y BarbudaArabia SauditaArgeliaArgentinaArmeniaArubaAustraliaAustriaAzerbaijanBahamasBahrainBangladeshBarbadosBelauB\u00e9lgicaBelizeBeninBermudaBhutanBielorrusiaBirmaniaBoliviaBonaire, San Eustaquio [&hellip;]","og_url":"https:\/\/cura369.com\/en\/checkout\/","og_site_name":"cura369.com","article_modified_time":"2026-01-04T23:08:02+00:00","og_image":[{"url":"https:\/\/cura369.com\/wp-content\/plugins\/woocommerce-paypal-payments\/modules\/ppcp-wc-gateway\/assets\/images\/paypal.svg","type":"","width":"","height":""}],"twitter_card":"summary_large_image","twitter_misc":{"Est. reading time":"9 minutes"},"schema":{"@context":"https:\/\/schema.org","@graph":[{"@type":"WebPage","@id":"https:\/\/cura369.com\/checkout\/","url":"https:\/\/cura369.com\/checkout\/","name":"Checkout - cura369.com","isPartOf":{"@id":"https:\/\/cura369.com\/#website"},"primaryImageOfPage":{"@id":"https:\/\/cura369.com\/checkout\/#primaryimage"},"image":{"@id":"https:\/\/cura369.com\/checkout\/#primaryimage"},"thumbnailUrl":"https:\/\/cura369.com\/wp-content\/plugins\/woocommerce-paypal-payments\/modules\/ppcp-wc-gateway\/assets\/images\/paypal.svg","datePublished":"2025-04-08T17:29:34+00:00","dateModified":"2026-01-04T23:08:02+00:00","breadcrumb":{"@id":"https:\/\/cura369.com\/checkout\/#breadcrumb"},"inLanguage":"en-US","potentialAction":[{"@type":"ReadAction","target":["https:\/\/cura369.com\/checkout\/"]}]},{"@type":"ImageObject","inLanguage":"en-US","@id":"https:\/\/cura369.com\/checkout\/#primaryimage","url":"https:\/\/cura369.com\/wp-content\/plugins\/woocommerce-paypal-payments\/modules\/ppcp-wc-gateway\/assets\/images\/paypal.svg","contentUrl":"https:\/\/cura369.com\/wp-content\/plugins\/woocommerce-paypal-payments\/modules\/ppcp-wc-gateway\/assets\/images\/paypal.svg"},{"@type":"BreadcrumbList","@id":"https:\/\/cura369.com\/checkout\/#breadcrumb","itemListElement":[{"@type":"ListItem","position":1,"name":"Inicio","item":"https:\/\/cura369.com\/"},{"@type":"ListItem","position":2,"name":"Checkout"}]},{"@type":"WebSite","@id":"https:\/\/cura369.com\/#website","url":"https:\/\/cura369.com\/","name":"cura369.com","description":"","potentialAction":[{"@type":"SearchAction","target":{"@type":"EntryPoint","urlTemplate":"https:\/\/cura369.com\/?s={search_term_string}"},"query-input":{"@type":"PropertyValueSpecification","valueRequired":true,"valueName":"search_term_string"}}],"inLanguage":"en-US"}]}},"_links":{"self":[{"href":"https:\/\/cura369.com\/en\/wp-json\/wp\/v2\/pages\/8","targetHints":{"allow":["GET"]}}],"collection":[{"href":"https:\/\/cura369.com\/en\/wp-json\/wp\/v2\/pages"}],"about":[{"href":"https:\/\/cura369.com\/en\/wp-json\/wp\/v2\/types\/page"}],"author":[{"embeddable":true,"href":"https:\/\/cura369.com\/en\/wp-json\/wp\/v2\/users\/1"}],"replies":[{"embeddable":true,"href":"https:\/\/cura369.com\/en\/wp-json\/wp\/v2\/comments?post=8"}],"version-history":[{"count":321,"href":"https:\/\/cura369.com\/en\/wp-json\/wp\/v2\/pages\/8\/revisions"}],"predecessor-version":[{"id":6054,"href":"https:\/\/cura369.com\/en\/wp-json\/wp\/v2\/pages\/8\/revisions\/6054"}],"wp:attachment":[{"href":"https:\/\/cura369.com\/en\/wp-json\/wp\/v2\/media?parent=8"}],"curies":[{"name":"wp","href":"https:\/\/api.w.org\/{rel}","templated":true}]}}