{"id":7,"date":"2025-04-08T17:29:34","date_gmt":"2025-04-08T17:29:34","guid":{"rendered":"https:\/\/cura369.com\/cart\/"},"modified":"2025-11-10T19:22:05","modified_gmt":"2025-11-10T22:22:05","slug":"cart","status":"publish","type":"page","link":"https:\/\/cura369.com\/en\/cart\/","title":{"rendered":"Cart"},"content":{"rendered":"<div data-elementor-type=\"wp-page\" data-elementor-id=\"7\" class=\"elementor elementor-7\" data-elementor-post-type=\"page\">\n\t\t\t\t<div class=\"elementor-element elementor-element-615b107 e-flex e-con-boxed e-con e-parent\" data-id=\"615b107\" data-element_type=\"container\" data-e-type=\"container\" data-settings=\"{&quot;background_background&quot;:&quot;classic&quot;}\">\n\t\t\t\t\t<div class=\"e-con-inner\">\n\t\t\t\t<div class=\"elementor-element elementor-element-ee24061 elementor-widget elementor-widget-heading\" data-id=\"ee24061\" data-element_type=\"widget\" data-e-type=\"widget\" data-widget_type=\"heading.default\">\n\t\t\t\t\t<h2 class=\"elementor-heading-title elementor-size-default\">CART<\/h2>\t\t\t\t<\/div>\n\t\t\t\t\t<\/div>\n\t\t\t\t<\/div>\n\t\t<div class=\"elementor-element elementor-element-c8f9d52 e-con-full e-flex e-con e-parent\" data-id=\"c8f9d52\" data-element_type=\"container\" data-e-type=\"container\" data-settings=\"{&quot;background_background&quot;:&quot;classic&quot;}\">\n\t\t\t\t<\/div>\n\t\t\t\t<\/div>","protected":false},"excerpt":{"rendered":"<p>CARRITO Eliminar art\u00edculo Imagen en miniatura Producto Precio Cantidad Subtotal &times; Preventa Entrada General 2&#215;1 &#8211; El C\u00f3digo Maestro &#8211; Presencial Argentina US$244.00 Preventa Entrada General 2&#215;1 &#8211; El C\u00f3digo Maestro &#8211; Presencial Argentina cantidad US$244.00 APLICAR CUP\u00d3N TOTAL DE CARRITO Subtotal US$244.00 Comisi\u00f3n de Paypal US$8.00 Total US$252.00 IR A PAGO Y FACTURACI\u00d3N<\/p>","protected":false},"author":1,"featured_media":0,"parent":0,"menu_order":0,"comment_status":"closed","ping_status":"closed","template":"","meta":{"_acf_changed":false,"footnotes":""},"class_list":["post-7","page","type-page","status-publish","hentry"],"acf":[],"yoast_head":"<!-- This site is optimized with the Yoast SEO plugin v27.3 - https:\/\/yoast.com\/product\/yoast-seo-wordpress\/ -->\n<title>Cart - cura369.com<\/title>\n<meta name=\"robots\" content=\"noindex, follow\" \/>\n<meta property=\"og:locale\" content=\"en_US\" \/>\n<meta property=\"og:type\" content=\"article\" \/>\n<meta property=\"og:title\" content=\"Cart - cura369.com\" \/>\n<meta property=\"og:description\" content=\"CARRITO Eliminar art\u00edculo Imagen en miniatura Producto Precio Cantidad Subtotal &times; Preventa Entrada General 2&#215;1 &#8211; El C\u00f3digo Maestro &#8211; Presencial Argentina US$244.00 Preventa Entrada General 2&#215;1 &#8211; El C\u00f3digo Maestro &#8211; Presencial Argentina cantidad US$244.00 APLICAR CUP\u00d3N TOTAL DE CARRITO Subtotal US$244.00 Comisi\u00f3n de Paypal US$8.00 Total US$252.00 IR A PAGO Y FACTURACI\u00d3N\" \/>\n<meta property=\"og:url\" content=\"https:\/\/cura369.com\/en\/cart\/\" \/>\n<meta property=\"og:site_name\" content=\"cura369.com\" \/>\n<meta property=\"article:modified_time\" content=\"2025-11-10T22:22:05+00:00\" \/>\n<meta property=\"og:image\" content=\"https:\/\/cura369.com\/wp-content\/uploads\/woocommerce-placeholder-300x300.webp\" \/>\n<meta name=\"twitter:card\" content=\"summary_large_image\" \/>\n<meta name=\"twitter:label1\" content=\"Est. reading time\" \/>\n\t<meta name=\"twitter:data1\" content=\"1 minute\" \/>\n<script type=\"application\/ld+json\" class=\"yoast-schema-graph\">{\"@context\":\"https:\\\/\\\/schema.org\",\"@graph\":[{\"@type\":\"WebPage\",\"@id\":\"https:\\\/\\\/cura369.com\\\/cart\\\/\",\"url\":\"https:\\\/\\\/cura369.com\\\/cart\\\/\",\"name\":\"Cart - cura369.com\",\"isPartOf\":{\"@id\":\"https:\\\/\\\/cura369.com\\\/#website\"},\"primaryImageOfPage\":{\"@id\":\"https:\\\/\\\/cura369.com\\\/cart\\\/#primaryimage\"},\"image\":{\"@id\":\"https:\\\/\\\/cura369.com\\\/cart\\\/#primaryimage\"},\"thumbnailUrl\":\"https:\\\/\\\/cura369.com\\\/wp-content\\\/uploads\\\/woocommerce-placeholder-300x300.webp\",\"datePublished\":\"2025-04-08T17:29:34+00:00\",\"dateModified\":\"2025-11-10T22:22:05+00:00\",\"breadcrumb\":{\"@id\":\"https:\\\/\\\/cura369.com\\\/cart\\\/#breadcrumb\"},\"inLanguage\":\"en-US\",\"potentialAction\":[{\"@type\":\"ReadAction\",\"target\":[\"https:\\\/\\\/cura369.com\\\/cart\\\/\"]}]},{\"@type\":\"ImageObject\",\"inLanguage\":\"en-US\",\"@id\":\"https:\\\/\\\/cura369.com\\\/cart\\\/#primaryimage\",\"url\":\"https:\\\/\\\/cura369.com\\\/wp-content\\\/uploads\\\/woocommerce-placeholder-300x300.webp\",\"contentUrl\":\"https:\\\/\\\/cura369.com\\\/wp-content\\\/uploads\\\/woocommerce-placeholder-300x300.webp\"},{\"@type\":\"BreadcrumbList\",\"@id\":\"https:\\\/\\\/cura369.com\\\/cart\\\/#breadcrumb\",\"itemListElement\":[{\"@type\":\"ListItem\",\"position\":1,\"name\":\"Inicio\",\"item\":\"https:\\\/\\\/cura369.com\\\/\"},{\"@type\":\"ListItem\",\"position\":2,\"name\":\"Cart\"}]},{\"@type\":\"WebSite\",\"@id\":\"https:\\\/\\\/cura369.com\\\/#website\",\"url\":\"https:\\\/\\\/cura369.com\\\/\",\"name\":\"cura369.com\",\"description\":\"\",\"potentialAction\":[{\"@type\":\"SearchAction\",\"target\":{\"@type\":\"EntryPoint\",\"urlTemplate\":\"https:\\\/\\\/cura369.com\\\/?s={search_term_string}\"},\"query-input\":{\"@type\":\"PropertyValueSpecification\",\"valueRequired\":true,\"valueName\":\"search_term_string\"}}],\"inLanguage\":\"en-US\"}]}<\/script>\n<!-- \/ Yoast SEO plugin. -->","yoast_head_json":{"title":"Cart - cura369.com","robots":{"index":"noindex","follow":"follow"},"og_locale":"en_US","og_type":"article","og_title":"Cart - cura369.com","og_description":"CARRITO Eliminar art\u00edculo Imagen en miniatura Producto Precio Cantidad Subtotal &times; Preventa Entrada General 2&#215;1 &#8211; El C\u00f3digo Maestro &#8211; Presencial Argentina US$244.00 Preventa Entrada General 2&#215;1 &#8211; El C\u00f3digo Maestro &#8211; Presencial Argentina cantidad US$244.00 APLICAR CUP\u00d3N TOTAL DE CARRITO Subtotal US$244.00 Comisi\u00f3n de Paypal US$8.00 Total US$252.00 IR A PAGO Y FACTURACI\u00d3N","og_url":"https:\/\/cura369.com\/en\/cart\/","og_site_name":"cura369.com","article_modified_time":"2025-11-10T22:22:05+00:00","og_image":[{"url":"https:\/\/cura369.com\/wp-content\/uploads\/woocommerce-placeholder-300x300.webp","type":"","width":"","height":""}],"twitter_card":"summary_large_image","twitter_misc":{"Est. reading time":"1 minute"},"schema":{"@context":"https:\/\/schema.org","@graph":[{"@type":"WebPage","@id":"https:\/\/cura369.com\/cart\/","url":"https:\/\/cura369.com\/cart\/","name":"Cart - cura369.com","isPartOf":{"@id":"https:\/\/cura369.com\/#website"},"primaryImageOfPage":{"@id":"https:\/\/cura369.com\/cart\/#primaryimage"},"image":{"@id":"https:\/\/cura369.com\/cart\/#primaryimage"},"thumbnailUrl":"https:\/\/cura369.com\/wp-content\/uploads\/woocommerce-placeholder-300x300.webp","datePublished":"2025-04-08T17:29:34+00:00","dateModified":"2025-11-10T22:22:05+00:00","breadcrumb":{"@id":"https:\/\/cura369.com\/cart\/#breadcrumb"},"inLanguage":"en-US","potentialAction":[{"@type":"ReadAction","target":["https:\/\/cura369.com\/cart\/"]}]},{"@type":"ImageObject","inLanguage":"en-US","@id":"https:\/\/cura369.com\/cart\/#primaryimage","url":"https:\/\/cura369.com\/wp-content\/uploads\/woocommerce-placeholder-300x300.webp","contentUrl":"https:\/\/cura369.com\/wp-content\/uploads\/woocommerce-placeholder-300x300.webp"},{"@type":"BreadcrumbList","@id":"https:\/\/cura369.com\/cart\/#breadcrumb","itemListElement":[{"@type":"ListItem","position":1,"name":"Inicio","item":"https:\/\/cura369.com\/"},{"@type":"ListItem","position":2,"name":"Cart"}]},{"@type":"WebSite","@id":"https:\/\/cura369.com\/#website","url":"https:\/\/cura369.com\/","name":"cura369.com","description":"","potentialAction":[{"@type":"SearchAction","target":{"@type":"EntryPoint","urlTemplate":"https:\/\/cura369.com\/?s={search_term_string}"},"query-input":{"@type":"PropertyValueSpecification","valueRequired":true,"valueName":"search_term_string"}}],"inLanguage":"en-US"}]}},"_links":{"self":[{"href":"https:\/\/cura369.com\/en\/wp-json\/wp\/v2\/pages\/7","targetHints":{"allow":["GET"]}}],"collection":[{"href":"https:\/\/cura369.com\/en\/wp-json\/wp\/v2\/pages"}],"about":[{"href":"https:\/\/cura369.com\/en\/wp-json\/wp\/v2\/types\/page"}],"author":[{"embeddable":true,"href":"https:\/\/cura369.com\/en\/wp-json\/wp\/v2\/users\/1"}],"replies":[{"embeddable":true,"href":"https:\/\/cura369.com\/en\/wp-json\/wp\/v2\/comments?post=7"}],"version-history":[{"count":19,"href":"https:\/\/cura369.com\/en\/wp-json\/wp\/v2\/pages\/7\/revisions"}],"predecessor-version":[{"id":4410,"href":"https:\/\/cura369.com\/en\/wp-json\/wp\/v2\/pages\/7\/revisions\/4410"}],"wp:attachment":[{"href":"https:\/\/cura369.com\/en\/wp-json\/wp\/v2\/media?parent=7"}],"curies":[{"name":"wp","href":"https:\/\/api.w.org\/{rel}","templated":true}]}}