{"id":3207,"date":"2025-10-23T15:33:02","date_gmt":"2025-10-23T18:33:02","guid":{"rendered":"https:\/\/cura369.com\/?page_id=3207"},"modified":"2026-01-04T05:13:13","modified_gmt":"2026-01-04T08:13:13","slug":"restablecer-contrasena","status":"publish","type":"page","link":"https:\/\/cura369.com\/en\/restablecer-contrasena\/","title":{"rendered":"Restablecer Contrase\u00f1a"},"content":{"rendered":"<div data-elementor-type=\"wp-page\" data-elementor-id=\"3207\" class=\"elementor elementor-3207\" data-elementor-post-type=\"page\">\n\t\t\t\t<div class=\"elementor-element elementor-element-0d112dd e-flex e-con-boxed e-con e-parent\" data-id=\"0d112dd\" data-element_type=\"container\" data-e-type=\"container\" data-settings=\"{&quot;background_background&quot;:&quot;classic&quot;}\">\n\t\t\t\t\t<div class=\"e-con-inner\">\n\t\t\t\t<div class=\"elementor-element elementor-element-ce7daf5 elementor-widget elementor-widget-heading\" data-id=\"ce7daf5\" data-element_type=\"widget\" data-e-type=\"widget\" data-widget_type=\"heading.default\">\n\t\t\t\t\t<h2 class=\"elementor-heading-title elementor-size-default\">RESTABLECER<\/h2>\t\t\t\t<\/div>\n\t\t\t\t<div class=\"elementor-element elementor-element-1b1c2e5 elementor-widget__width-initial elementor-invisible elementor-widget elementor-widget-heading\" data-id=\"1b1c2e5\" data-element_type=\"widget\" data-e-type=\"widget\" data-settings=\"{&quot;_animation&quot;:&quot;fadeInUp&quot;,&quot;_animation_mobile&quot;:&quot;fadeInUp&quot;}\" data-widget_type=\"heading.default\">\n\t\t\t\t\t<h2 class=\"elementor-heading-title elementor-size-default\">CONTRASE\u00d1A<\/h2>\t\t\t\t<\/div>\n\t\t\t\t<div class=\"elementor-element elementor-element-cf24372 elementor-widget__width-initial elementor-invisible elementor-widget elementor-widget-heading\" data-id=\"cf24372\" data-element_type=\"widget\" data-e-type=\"widget\" data-settings=\"{&quot;_animation&quot;:&quot;fadeInUp&quot;,&quot;_animation_mobile&quot;:&quot;fadeInUp&quot;}\" data-widget_type=\"heading.default\">\n\t\t\t\t\t<h2 class=\"elementor-heading-title elementor-size-default\">Recupera tu contrase\u00f1a de acceso<\/h2>\t\t\t\t<\/div>\n\t\t\t\t\t<\/div>\n\t\t\t\t<\/div>\n\t\t<div class=\"elementor-element elementor-element-2488454 e-flex e-con-boxed e-con e-parent\" data-id=\"2488454\" data-element_type=\"container\" data-e-type=\"container\" data-settings=\"{&quot;background_background&quot;:&quot;classic&quot;}\">\n\t\t\t\t\t<div class=\"e-con-inner\">\n\t\t<div class=\"elementor-element elementor-element-c169402 e-con-full e-flex e-con e-child\" data-id=\"c169402\" data-element_type=\"container\" data-e-type=\"container\">\n\t\t\t\t<div class=\"elementor-element elementor-element-c05b6ef elementor-button-align-center elementor-widget elementor-widget-login\" data-id=\"c05b6ef\" data-element_type=\"widget\" data-e-type=\"widget\" data-widget_type=\"login.default\">\n\t\t\t\t\t\t\t<form class=\"elementor-login elementor-form\" method=\"post\" action=\"https:\/\/cura369.com\/en\/alegria_zapata369\/\" aria-label=\"Login form\" data-trp-original-action=\"https:\/\/cura369.com\/en\/alegria_zapata369\/\">\n\t\t\t<input type=\"hidden\" name=\"redirect_to\" value=\"\/en\/wp-json\/wp\/v2\/pages\/3207\">\n\t\t\t<div class=\"elementor-form-fields-wrapper\">\n\t\t\t\t<div class=\"elementor-field-type-text elementor-field-group elementor-column elementor-col-100 elementor-field-required\">\n\t\t\t\t\t<label for=\"user-c05b6ef\" class=\"elementor-field-label\">E-MAIL<\/label>\n\t\t\t\t\t<input size=\"1\" type=\"text\" name=\"log\" id=\"user-c05b6ef\" placeholder=\"\" class=\"elementor-field elementor-field-textual elementor-size-sm\">\n\t\t\t\t<\/div>\n\t\t\t\t<div class=\"elementor-field-type-text elementor-field-group elementor-column elementor-col-100 elementor-field-required\">\n\t\t\t\t\t<label for=\"password-c05b6ef\" class=\"elementor-field-label\">CONTRASE\u00d1A<\/label>\n\t\t\t\t\t<input size=\"1\" type=\"password\" name=\"pwd\" id=\"password-c05b6ef\" placeholder=\"\" class=\"elementor-field elementor-field-textual elementor-size-sm\">\n\t\t\t\t<\/div>\n\n\t\t\t\t\t\t\t\t\t<div class=\"elementor-field-type-checkbox elementor-field-group elementor-column elementor-col-100 elementor-remember-me\">\n\t\t\t\t\t\t<label for=\"elementor-login-remember-me\">\n\t\t\t\t\t\t\t<input type=\"checkbox\" id=\"elementor-login-remember-me\" name=\"rememberme\" value=\"forever\">\n\t\t\t\t\t\t\tRemember Me\t\t\t\t\t\t<\/label>\n\t\t\t\t\t<\/div>\n\t\t\t\t\n\t\t\t\t<div class=\"elementor-field-group elementor-column elementor-field-type-submit elementor-col-100\">\n\t\t\t\t\t<button type=\"submit\" class=\"elementor-size-sm elementor-button\" name=\"wp-submit\">\n\t\t\t\t\t\t\t\t\t\t\t\t\t\t\t<span class=\"elementor-button-text\">INGRESAR<\/span>\n\t\t\t\t\t\t\t\t\t\t\t\t<\/button>\n\t\t\t\t<\/div>\n\n\t\t\t\t\t\t\t\t\t<div class=\"elementor-field-group elementor-column elementor-col-100\">\n\t\t\t\t\t\t\t\t\t\t\t\t\t\t\t\t\t\t\t\t<a class=\"elementor-lost-password\" href=\"https:\/\/cura369.com\/en\/restablecer-contrasena\/\">\n\t\t\t\t\t\t\t\t\u00bfOlvidaste tu contrase\u00f1a?\t\t\t\t\t\t\t<\/a>\n\t\t\t\t\t\t\n\t\t\t\t\t\t\t\t\t\t\t<\/div>\n\t\t\t\t\t\t\t<\/div>\n\t\t<input type=\"hidden\" name=\"trp-form-language\" value=\"en\"\/><\/form>\n\t\t\t\t\t\t<\/div>\n\t\t\t\t<\/div>\n\t\t\t\t\t<\/div>\n\t\t\t\t<\/div>\n\t\t\t\t<\/div>","protected":false},"excerpt":{"rendered":"<p>RESTABLECER CONTRASE\u00d1A Recupera tu contrase\u00f1a de acceso<\/p>","protected":false},"author":1,"featured_media":0,"parent":0,"menu_order":0,"comment_status":"closed","ping_status":"closed","template":"","meta":{"_acf_changed":false,"footnotes":""},"class_list":["post-3207","page","type-page","status-publish","hentry"],"acf":[],"yoast_head":"<!-- This site is optimized with the Yoast SEO plugin v27.3 - https:\/\/yoast.com\/product\/yoast-seo-wordpress\/ -->\n<title>Restablecer Contrase\u00f1a - cura369.com<\/title>\n<meta name=\"robots\" content=\"index, follow, max-snippet:-1, max-image-preview:large, max-video-preview:-1\" \/>\n<link rel=\"canonical\" href=\"https:\/\/cura369.com\/en\/restablecer-contrasena\/\" \/>\n<meta property=\"og:locale\" content=\"en_US\" \/>\n<meta property=\"og:type\" content=\"article\" \/>\n<meta property=\"og:title\" content=\"Restablecer Contrase\u00f1a - cura369.com\" \/>\n<meta property=\"og:description\" content=\"RESTABLECER CONTRASE\u00d1A Recupera tu contrase\u00f1a de acceso\" \/>\n<meta property=\"og:url\" content=\"https:\/\/cura369.com\/en\/restablecer-contrasena\/\" \/>\n<meta property=\"og:site_name\" content=\"cura369.com\" \/>\n<meta property=\"article:modified_time\" content=\"2026-01-04T08:13:13+00:00\" \/>\n<meta name=\"twitter:card\" content=\"summary_large_image\" \/>\n<meta name=\"twitter:label1\" content=\"Est. reading time\" \/>\n\t<meta name=\"twitter:data1\" content=\"1 minute\" \/>\n<script type=\"application\/ld+json\" class=\"yoast-schema-graph\">{\"@context\":\"https:\\\/\\\/schema.org\",\"@graph\":[{\"@type\":\"WebPage\",\"@id\":\"https:\\\/\\\/cura369.com\\\/restablecer-contrasena\\\/\",\"url\":\"https:\\\/\\\/cura369.com\\\/restablecer-contrasena\\\/\",\"name\":\"Restablecer Contrase\u00f1a - cura369.com\",\"isPartOf\":{\"@id\":\"https:\\\/\\\/cura369.com\\\/#website\"},\"datePublished\":\"2025-10-23T18:33:02+00:00\",\"dateModified\":\"2026-01-04T08:13:13+00:00\",\"breadcrumb\":{\"@id\":\"https:\\\/\\\/cura369.com\\\/restablecer-contrasena\\\/#breadcrumb\"},\"inLanguage\":\"en-US\",\"potentialAction\":[{\"@type\":\"ReadAction\",\"target\":[\"https:\\\/\\\/cura369.com\\\/restablecer-contrasena\\\/\"]}]},{\"@type\":\"BreadcrumbList\",\"@id\":\"https:\\\/\\\/cura369.com\\\/restablecer-contrasena\\\/#breadcrumb\",\"itemListElement\":[{\"@type\":\"ListItem\",\"position\":1,\"name\":\"Inicio\",\"item\":\"https:\\\/\\\/cura369.com\\\/\"},{\"@type\":\"ListItem\",\"position\":2,\"name\":\"Restablecer Contrase\u00f1a\"}]},{\"@type\":\"WebSite\",\"@id\":\"https:\\\/\\\/cura369.com\\\/#website\",\"url\":\"https:\\\/\\\/cura369.com\\\/\",\"name\":\"cura369.com\",\"description\":\"\",\"potentialAction\":[{\"@type\":\"SearchAction\",\"target\":{\"@type\":\"EntryPoint\",\"urlTemplate\":\"https:\\\/\\\/cura369.com\\\/?s={search_term_string}\"},\"query-input\":{\"@type\":\"PropertyValueSpecification\",\"valueRequired\":true,\"valueName\":\"search_term_string\"}}],\"inLanguage\":\"en-US\"}]}<\/script>\n<!-- \/ Yoast SEO plugin. -->","yoast_head_json":{"title":"Restablecer Contrase\u00f1a - cura369.com","robots":{"index":"index","follow":"follow","max-snippet":"max-snippet:-1","max-image-preview":"max-image-preview:large","max-video-preview":"max-video-preview:-1"},"canonical":"https:\/\/cura369.com\/en\/restablecer-contrasena\/","og_locale":"en_US","og_type":"article","og_title":"Restablecer Contrase\u00f1a - cura369.com","og_description":"RESTABLECER CONTRASE\u00d1A Recupera tu contrase\u00f1a de acceso","og_url":"https:\/\/cura369.com\/en\/restablecer-contrasena\/","og_site_name":"cura369.com","article_modified_time":"2026-01-04T08:13:13+00:00","twitter_card":"summary_large_image","twitter_misc":{"Est. reading time":"1 minute"},"schema":{"@context":"https:\/\/schema.org","@graph":[{"@type":"WebPage","@id":"https:\/\/cura369.com\/restablecer-contrasena\/","url":"https:\/\/cura369.com\/restablecer-contrasena\/","name":"Restablecer Contrase\u00f1a - cura369.com","isPartOf":{"@id":"https:\/\/cura369.com\/#website"},"datePublished":"2025-10-23T18:33:02+00:00","dateModified":"2026-01-04T08:13:13+00:00","breadcrumb":{"@id":"https:\/\/cura369.com\/restablecer-contrasena\/#breadcrumb"},"inLanguage":"en-US","potentialAction":[{"@type":"ReadAction","target":["https:\/\/cura369.com\/restablecer-contrasena\/"]}]},{"@type":"BreadcrumbList","@id":"https:\/\/cura369.com\/restablecer-contrasena\/#breadcrumb","itemListElement":[{"@type":"ListItem","position":1,"name":"Inicio","item":"https:\/\/cura369.com\/"},{"@type":"ListItem","position":2,"name":"Restablecer Contrase\u00f1a"}]},{"@type":"WebSite","@id":"https:\/\/cura369.com\/#website","url":"https:\/\/cura369.com\/","name":"cura369.com","description":"","potentialAction":[{"@type":"SearchAction","target":{"@type":"EntryPoint","urlTemplate":"https:\/\/cura369.com\/?s={search_term_string}"},"query-input":{"@type":"PropertyValueSpecification","valueRequired":true,"valueName":"search_term_string"}}],"inLanguage":"en-US"}]}},"_links":{"self":[{"href":"https:\/\/cura369.com\/en\/wp-json\/wp\/v2\/pages\/3207","targetHints":{"allow":["GET"]}}],"collection":[{"href":"https:\/\/cura369.com\/en\/wp-json\/wp\/v2\/pages"}],"about":[{"href":"https:\/\/cura369.com\/en\/wp-json\/wp\/v2\/types\/page"}],"author":[{"embeddable":true,"href":"https:\/\/cura369.com\/en\/wp-json\/wp\/v2\/users\/1"}],"replies":[{"embeddable":true,"href":"https:\/\/cura369.com\/en\/wp-json\/wp\/v2\/comments?post=3207"}],"version-history":[{"count":19,"href":"https:\/\/cura369.com\/en\/wp-json\/wp\/v2\/pages\/3207\/revisions"}],"predecessor-version":[{"id":5975,"href":"https:\/\/cura369.com\/en\/wp-json\/wp\/v2\/pages\/3207\/revisions\/5975"}],"wp:attachment":[{"href":"https:\/\/cura369.com\/en\/wp-json\/wp\/v2\/media?parent=3207"}],"curies":[{"name":"wp","href":"https:\/\/api.w.org\/{rel}","templated":true}]}}