{"id":1747,"date":"2025-09-15T04:42:32","date_gmt":"2025-09-15T07:42:32","guid":{"rendered":"https:\/\/cura369.com\/?page_id=1747"},"modified":"2026-01-04T19:39:58","modified_gmt":"2026-01-04T22:39:58","slug":"terms-and-conditions","status":"publish","type":"page","link":"https:\/\/cura369.com\/en\/terms-and-conditions\/","title":{"rendered":"Terms and Conditions"},"content":{"rendered":"<div data-elementor-type=\"wp-page\" data-elementor-id=\"1747\" class=\"elementor elementor-1747\" data-elementor-post-type=\"page\">\n\t\t\t\t<div class=\"elementor-element elementor-element-bdf0686 e-flex e-con-boxed e-con e-parent\" data-id=\"bdf0686\" data-element_type=\"container\" data-e-type=\"container\" data-settings=\"{&quot;background_background&quot;:&quot;classic&quot;}\">\n\t\t\t\t\t<div class=\"e-con-inner\">\n\t\t\t\t<div class=\"elementor-element elementor-element-26fc3a9 elementor-widget elementor-widget-heading\" data-id=\"26fc3a9\" data-element_type=\"widget\" data-e-type=\"widget\" data-widget_type=\"heading.default\">\n\t\t\t\t\t<h2 class=\"elementor-heading-title elementor-size-default\">Terms and <\/h2>\t\t\t\t<\/div>\n\t\t\t\t<div class=\"elementor-element elementor-element-f320d6c elementor-widget elementor-widget-heading\" data-id=\"f320d6c\" data-element_type=\"widget\" data-e-type=\"widget\" data-widget_type=\"heading.default\">\n\t\t\t\t\t<h2 class=\"elementor-heading-title elementor-size-default\">Conditions<\/h2>\t\t\t\t<\/div>\n\t\t\t\t\t<\/div>\n\t\t\t\t<\/div>\n\t\t<div class=\"elementor-element elementor-element-495770ed e-flex e-con-boxed e-con e-parent\" data-id=\"495770ed\" data-element_type=\"container\" data-e-type=\"container\" data-settings=\"{&quot;background_background&quot;:&quot;classic&quot;}\">\n\t\t\t\t\t<div class=\"e-con-inner\">\n\t\t\t\t<div class=\"elementor-element elementor-element-6afc274b elementor-widget__width-initial elementor-widget elementor-widget-text-editor\" data-id=\"6afc274b\" data-element_type=\"widget\" data-e-type=\"widget\" data-widget_type=\"text-editor.default\">\n\t\t\t\t\t\t\t\t\t<h3 style=\"text-align: center;\"><b>TERMS AND CONDITIONS - CURA369<\/b><\/h3><h4><b>Introduction and Acceptance of Terms<\/b><\/h4><p>By accessing and using the website <a class=\"ng-star-inserted\" href=\"https:\/\/cura369.com\/en\" target=\"_blank\" rel=\"noopener\" data-hveid=\"0\" data-ved=\"0CAAQ_4QMahgKEwjs-Kqhi9mPAxUAAAAAHQAAAAAQ8AM\"><strong>https:\/\/cura369.com<\/strong><\/a> and any other platforms, products or services representing <b>Camila Cura<\/b>, you (<b>\u201cthe user\u201d<\/b> o <b>\u201cthe customer\u201d<\/b>) accepts and agrees to be bound by the terms and conditions described in this document.<\/p><p>Any person purchasing a service, product or event through these platforms is assumed to have read, understood and accepted these terms in their entirety.<\/p><p>If you do not agree to these terms and conditions, please refrain from using the website or purchasing any services.<\/p><h4><b>Nature of the Services<\/b><\/h4><p>You understand that the services and products offered by <b>Camila Cura<\/b> are not of a medical, psychological or psychiatric nature. <b>Camila Cura<\/b> does not diagnose, treat or prescribe for any physical or mental disease, disorder or syndrome.<\/p><p>Instead, she promotes the <b>integral wellbeing, personal development and self-knowledge<\/b> through its channels, services and events. The sessions, products and events offered are a complement to self-care and are not a substitute for diagnosis, treatment or care by a licensed health care professional.<\/p><h4><b>Customer Responsibility and Self-Care<\/b><\/h4><p>The client assumes full responsibility for his or her life, physical and mental well-being, and all decisions made during and after his or her participation in the sessions, events or programs.<\/p><p><b>Camila Cura<\/b> works exclusively with <b>adults<\/b>. If you are under the care of a health care professional or are taking prescription medication, it is your responsibility to consult with your physician, psychologist or psychiatrist before participating in any <b>Cura369<\/b> and notify them of any changes you consider relevant. You should not discontinue any treatment or medication without the supervision of a medical professional.<\/p><h4><b>3. Waiver to Sue<\/b><\/h4><p>The customer waives the right to sue <b>Camila Cura<\/b> and any entity or person representing it from any liability for any damages, causes, actions or claims of any kind arising out of or related to your participation in the sessions, products, events or services. This disclaimer of liability is complete and extends to any situation, present or future, that may arise from the services offered.<\/p><h4><b>4. Conditions of Purchase and Cancellation<\/b><\/h4><p><b>A. Payments and Refunds:<\/b><\/p><ul><li><b>NO REFUNDS<\/b>. All payments made for services, products or events are final. <b>Cura369<\/b> maintains a strict policy of <b>NO REFUND<\/b> in all cases.<\/li><li>Payments are accepted through <b>PayPal<\/b>, <b>Mercado Pago<\/b> y <b>Bank Transfers<\/b>. You understand that some of your data will be shared with these platforms to process the transaction. The responsibility for the use of your data by these payment gateways is the sole responsibility of the customer.<\/li><\/ul><p><b>B. Duration and Validity<\/b><\/p><ul><li><p><b>Individual Sessions:<\/b><\/p><ul><li><p><b>Cleansing and Energetic Tracking:<\/b> 1 session of 30 to 40 minutes.<\/p><\/li><li><p><b>Conscious Counseling:<\/b> 1 session of 60 to 80 minutes.<\/p><\/li><li><p><b>Transformation Process:<\/b> Package of 4 sessions, each lasting 60 minutes.<\/p><\/li><\/ul><p>The <b>validity of packages<\/b> is <b>30 days per session<\/b>, from the date of purchase of the package. This means that each of the 4 sessions must be used within 30 days of purchase. After this period, the access right to the corresponding session will be lost, unless <b>Camila Cura<\/b> or your team expressly authorize it in writing.<\/p><p>Purchased sessions cannot be exchanged, swapped or used as credit for services other than those originally purchased.<\/p><\/li><li><p><b>ORIGIN\u00ab Membership\u00bb<\/b><\/p><ul><li><p>Membership grants you access to <b>exclusive digital content<\/b>, which includes live virtual meetings, their recordings, audios, meditations and various documents.<\/p><\/li><li><p>Once the membership is acquired, it is <b>sole responsibility of the user<\/b> access and use this content.<\/p><\/li><li><p>Attending live meetings and accessing recordings within the stipulated time period or accessing any other digital material available in the members-only section, for any reason, does not entitle the user to any claim, refund or extension of access. The responsibility for taking advantage of the space and content is entirely the responsibility of the user.<\/p><\/li><\/ul><\/li><\/ul><p><b>C. Appointments and Delays:<\/b><\/p><ul><li>Sessions have a maximum waiting tolerance of <b>10 to 15 minutes<\/b> (depending on the service) for the client. After this time, the session is considered lost and the client loses his right to claim or reschedule, except exception confirmed by <b>Camila Cura<\/b>.<\/li><li>Each minute of delay on the part of the client will be deducted from the total duration of the session.<\/li><li>If the client cancels an appointment, he\/she has a maximum of 3 reschedules as long as the cancellation is made with at least <b>24 hours in advance<\/b>. If this requirement is not met, the session will be considered lost.<\/li><\/ul><p><b>D. Cancellations by Camila Cura:<\/b><\/p><ul><li>Yes <b>Camila Cura<\/b> is unable to attend a prearranged session, you will be notified in advance to reschedule the appointment. In case of force majeure, the situation will be communicated as soon as possible and the session will be rescheduled based on availability.<\/li><\/ul><h4><b>5. Recordings of Sessions and Meetings<\/b><\/h4><p><b>A. Individual Sessions:<\/b><\/p><ul><li><b>Camila Cura<\/b> does not record individual sessions. The client understands that sessions are designed for in-the-moment presence and focus. Recordings will not be provided. The client is encouraged to take notes during the session.<\/li><\/ul><p><b>B. Exclusive Membership Meetings:<\/b><\/p><ul><li>The group meetings that are held for the members of <b>ORIGIN<\/b> are recorded. Access to these recordings is a members-only benefit.<\/li><li>The recordings of the meetings of <b>ORIGIN<\/b> will be available in the members-only section for a period of <b>7 days<\/b> after each meeting. The client understands that it is his\/her responsibility to view or access the recordings within that time frame, as they will not be available thereafter.<\/li><\/ul><h4><b>6. Intellectual Property and Use of Content<\/b><\/h4><ul><li>All content shared on the web site and in the services of <b>Cura369<\/b>, including sessions, audios, videos, guides, documents and texts, is the exclusive property of <b>Camila Cura<\/b>.<\/li><li>The customer has no right to copy, replicate, redistribute, resell, publish or share in any way this content with third parties, as it is protected by intellectual property laws.<\/li><\/ul><h4><b>7. Community Rules of Conduct<\/b><\/h4><ul><li>By participating in the blog comment spaces or in the groups in the members section, you agree to maintain an environment of respect and collaboration.<\/li><li>The use of offensive language, discrimination, harassment or any form of communication that is harmful to other users is strictly prohibited. We reserve the right to remove comments or suspend access to any user who does not comply with these rules, without claim or refund.<\/li><\/ul><h4><b>8. General Provisions<\/b><\/h4><ul><li><b>Privacy Policy:<\/b> The collection and use of your personal information is governed by our <b>Privacy Policy<\/b>, available at <a href=\"https:\/\/cura369.com\/en\/privacy-policy\/\" target=\"_blank\" rel=\"noopener\">https:\/\/cura369.com\/politica-de-privacidad\/<\/a>.<\/li><li><b>Changes in Terms:<\/b> We reserve the right to modify these terms and conditions at any time. Changes will be effective upon posting on the website. It is the user's responsibility to check this page regularly for updates.<\/li><\/ul>\t\t\t\t\t\t\t\t<\/div>\n\t\t\t\t<div class=\"elementor-element elementor-element-7d1695f elementor-widget-divider--view-line elementor-widget elementor-widget-divider\" data-id=\"7d1695f\" data-element_type=\"widget\" data-e-type=\"widget\" data-widget_type=\"divider.default\">\n\t\t\t\t\t\t\t<div class=\"elementor-divider\">\n\t\t\t<span class=\"elementor-divider-separator\">\n\t\t\t\t\t\t<\/span>\n\t\t<\/div>\n\t\t\t\t\t\t<\/div>\n\t\t\t\t\t<\/div>\n\t\t\t\t<\/div>\n\t\t\t\t<\/div>","protected":false},"excerpt":{"rendered":"<p>T\u00e9rminos y Condiciones T\u00c9RMINOS Y CONDICIONES \u2013 CURA369 Introducci\u00f3n y Aceptaci\u00f3n de los T\u00e9rminos Al acceder y utilizar el sitio web https:\/\/cura369.com y cualquier otra plataforma, productos o servicios que representen a Camila Cura, usted (\u201cel usuario\u201d o \u201cel cliente\u201d) acepta y se somete a los t\u00e9rminos y condiciones descritos en este documento. Se asume [&hellip;]<\/p>\n","protected":false},"author":1,"featured_media":0,"parent":0,"menu_order":0,"comment_status":"closed","ping_status":"open","template":"","meta":{"_acf_changed":false,"footnotes":""},"class_list":["post-1747","page","type-page","status-publish","hentry"],"acf":[],"yoast_head":"<!-- This site is optimized with the Yoast SEO plugin v27.3 - https:\/\/yoast.com\/product\/yoast-seo-wordpress\/ -->\n<title>T\u00e9rminos y Condiciones - cura369.com<\/title>\n<meta name=\"robots\" content=\"index, follow, max-snippet:-1, max-image-preview:large, max-video-preview:-1\" \/>\n<link rel=\"canonical\" href=\"https:\/\/cura369.com\/en\/terms-and-conditions\/\" \/>\n<meta property=\"og:locale\" content=\"en_US\" \/>\n<meta property=\"og:type\" content=\"article\" \/>\n<meta property=\"og:title\" content=\"T\u00e9rminos y Condiciones - cura369.com\" \/>\n<meta property=\"og:description\" content=\"T\u00e9rminos y Condiciones T\u00c9RMINOS Y CONDICIONES \u2013 CURA369 Introducci\u00f3n y Aceptaci\u00f3n de los T\u00e9rminos Al acceder y utilizar el sitio web https:\/\/cura369.com y cualquier otra plataforma, productos o servicios que representen a Camila Cura, usted (\u201cel usuario\u201d o \u201cel cliente\u201d) acepta y se somete a los t\u00e9rminos y condiciones descritos en este documento. Se asume [&hellip;]\" \/>\n<meta property=\"og:url\" content=\"https:\/\/cura369.com\/en\/terms-and-conditions\/\" \/>\n<meta property=\"og:site_name\" content=\"cura369.com\" \/>\n<meta property=\"article:modified_time\" content=\"2026-01-04T22:39:58+00:00\" \/>\n<meta name=\"twitter:card\" content=\"summary_large_image\" \/>\n<meta name=\"twitter:label1\" content=\"Est. reading time\" \/>\n\t<meta name=\"twitter:data1\" content=\"6 minutes\" \/>\n<script type=\"application\/ld+json\" class=\"yoast-schema-graph\">{\"@context\":\"https:\\\/\\\/schema.org\",\"@graph\":[{\"@type\":\"WebPage\",\"@id\":\"https:\\\/\\\/cura369.com\\\/terminos-y-condiciones\\\/\",\"url\":\"https:\\\/\\\/cura369.com\\\/terminos-y-condiciones\\\/\",\"name\":\"T\u00e9rminos y Condiciones - cura369.com\",\"isPartOf\":{\"@id\":\"https:\\\/\\\/cura369.com\\\/#website\"},\"datePublished\":\"2025-09-15T07:42:32+00:00\",\"dateModified\":\"2026-01-04T22:39:58+00:00\",\"breadcrumb\":{\"@id\":\"https:\\\/\\\/cura369.com\\\/terminos-y-condiciones\\\/#breadcrumb\"},\"inLanguage\":\"en-US\",\"potentialAction\":[{\"@type\":\"ReadAction\",\"target\":[\"https:\\\/\\\/cura369.com\\\/terminos-y-condiciones\\\/\"]}]},{\"@type\":\"BreadcrumbList\",\"@id\":\"https:\\\/\\\/cura369.com\\\/terminos-y-condiciones\\\/#breadcrumb\",\"itemListElement\":[{\"@type\":\"ListItem\",\"position\":1,\"name\":\"Inicio\",\"item\":\"https:\\\/\\\/cura369.com\\\/\"},{\"@type\":\"ListItem\",\"position\":2,\"name\":\"T\u00e9rminos y Condiciones\"}]},{\"@type\":\"WebSite\",\"@id\":\"https:\\\/\\\/cura369.com\\\/#website\",\"url\":\"https:\\\/\\\/cura369.com\\\/\",\"name\":\"cura369.com\",\"description\":\"\",\"potentialAction\":[{\"@type\":\"SearchAction\",\"target\":{\"@type\":\"EntryPoint\",\"urlTemplate\":\"https:\\\/\\\/cura369.com\\\/?s={search_term_string}\"},\"query-input\":{\"@type\":\"PropertyValueSpecification\",\"valueRequired\":true,\"valueName\":\"search_term_string\"}}],\"inLanguage\":\"en-US\"}]}<\/script>\n<!-- \/ Yoast SEO plugin. -->","yoast_head_json":{"title":"Terms and Conditions - cura369.com","robots":{"index":"index","follow":"follow","max-snippet":"max-snippet:-1","max-image-preview":"max-image-preview:large","max-video-preview":"max-video-preview:-1"},"canonical":"https:\/\/cura369.com\/en\/terms-and-conditions\/","og_locale":"en_US","og_type":"article","og_title":"T\u00e9rminos y Condiciones - cura369.com","og_description":"T\u00e9rminos y Condiciones T\u00c9RMINOS Y CONDICIONES \u2013 CURA369 Introducci\u00f3n y Aceptaci\u00f3n de los T\u00e9rminos Al acceder y utilizar el sitio web https:\/\/cura369.com y cualquier otra plataforma, productos o servicios que representen a Camila Cura, usted (\u201cel usuario\u201d o \u201cel cliente\u201d) acepta y se somete a los t\u00e9rminos y condiciones descritos en este documento. Se asume [&hellip;]","og_url":"https:\/\/cura369.com\/en\/terms-and-conditions\/","og_site_name":"cura369.com","article_modified_time":"2026-01-04T22:39:58+00:00","twitter_card":"summary_large_image","twitter_misc":{"Est. reading time":"6 minutes"},"schema":{"@context":"https:\/\/schema.org","@graph":[{"@type":"WebPage","@id":"https:\/\/cura369.com\/terminos-y-condiciones\/","url":"https:\/\/cura369.com\/terminos-y-condiciones\/","name":"Terms and Conditions - cura369.com","isPartOf":{"@id":"https:\/\/cura369.com\/#website"},"datePublished":"2025-09-15T07:42:32+00:00","dateModified":"2026-01-04T22:39:58+00:00","breadcrumb":{"@id":"https:\/\/cura369.com\/terminos-y-condiciones\/#breadcrumb"},"inLanguage":"en-US","potentialAction":[{"@type":"ReadAction","target":["https:\/\/cura369.com\/terminos-y-condiciones\/"]}]},{"@type":"BreadcrumbList","@id":"https:\/\/cura369.com\/terminos-y-condiciones\/#breadcrumb","itemListElement":[{"@type":"ListItem","position":1,"name":"Inicio","item":"https:\/\/cura369.com\/"},{"@type":"ListItem","position":2,"name":"T\u00e9rminos y Condiciones"}]},{"@type":"WebSite","@id":"https:\/\/cura369.com\/#website","url":"https:\/\/cura369.com\/","name":"cura369.com","description":"","potentialAction":[{"@type":"SearchAction","target":{"@type":"EntryPoint","urlTemplate":"https:\/\/cura369.com\/?s={search_term_string}"},"query-input":{"@type":"PropertyValueSpecification","valueRequired":true,"valueName":"search_term_string"}}],"inLanguage":"en-US"}]}},"_links":{"self":[{"href":"https:\/\/cura369.com\/en\/wp-json\/wp\/v2\/pages\/1747","targetHints":{"allow":["GET"]}}],"collection":[{"href":"https:\/\/cura369.com\/en\/wp-json\/wp\/v2\/pages"}],"about":[{"href":"https:\/\/cura369.com\/en\/wp-json\/wp\/v2\/types\/page"}],"author":[{"embeddable":true,"href":"https:\/\/cura369.com\/en\/wp-json\/wp\/v2\/users\/1"}],"replies":[{"embeddable":true,"href":"https:\/\/cura369.com\/en\/wp-json\/wp\/v2\/comments?post=1747"}],"version-history":[{"count":49,"href":"https:\/\/cura369.com\/en\/wp-json\/wp\/v2\/pages\/1747\/revisions"}],"predecessor-version":[{"id":6038,"href":"https:\/\/cura369.com\/en\/wp-json\/wp\/v2\/pages\/1747\/revisions\/6038"}],"wp:attachment":[{"href":"https:\/\/cura369.com\/en\/wp-json\/wp\/v2\/media?parent=1747"}],"curies":[{"name":"wp","href":"https:\/\/api.w.org\/{rel}","templated":true}]}}